{"id":690,"date":"2020-04-02T16:50:51","date_gmt":"2020-04-02T14:50:51","guid":{"rendered":"https:\/\/ufi-aftermarket.com\/BR\/cabin-air-filter\/"},"modified":"2020-07-14T16:33:02","modified_gmt":"2020-07-14T14:33:02","slug":"cabin-air-filter","status":"publish","type":"page","link":"https:\/\/br.ufi-aftermarket.com\/es\/cabin-air-filter\/","title":{"rendered":"Filtros para Habit\u00e1culo"},"content":{"rendered":"<div class=\"wpb-content-wrapper\"><p>[vc_section el_class=\u00bbzbtabs\u00bb css=\u00bb.vc_custom_1585840141963{margin-bottom: 100px !important;}\u00bb][vc_row gap=\u00bb20&#8243; equal_height=\u00bbyes\u00bb el_class=\u00bbzbnavtab\u00bb css=\u00bb.vc_custom_1585838898754{border-radius: 3px !important;}\u00bb][vc_column css=\u00bb.vc_custom_1585835535203{padding-top: 0px !important;padding-right: 0px !important;padding-bottom: 0px !important;padding-left: 0px !important;}\u00bb][vc_raw_html]JTNDdWwlM0UlMEElMjAlMjAlMjAlMjAlM0NsaSUyMGNsYXNzJTNEJTIydGFiLWNhdGVnb3JpZSUyMiUzRSUzQ2ElMjBocmVmJTNEJTIyJTJGQlIlMkZlcyUyRm9pbC1maWx0ZXJzJTJGJTIyJTNFRmlsdHJvcyUyMGRlJTIwYWNlaXRlJTNDJTJGYSUzRSUzQyUyRmxpJTNFJTBBJTIwJTIwJTIwJTIwJTNDbGklMjBjbGFzcyUzRCUyMnRhYi1jYXRlZ29yaWUlMjIlM0UlM0NhJTIwaHJlZiUzRCUyMiUyRkJSJTJGZXMlMkZkaWVzZWwtZmlsdGVycyUyRiUyMiUzRUZpbHRyb3MlMjBkaSVDMyVBOXNlbCUzQyUyRmElM0UlM0MlMkZsaSUzRSUwQSUyMCUyMCUyMCUyMCUzQ2xpJTIwY2xhc3MlM0QlMjJ0YWItY2F0ZWdvcmllJTIyJTNFJTNDYSUyMGhyZWYlM0QlMjIlMkZCUiUyRmVzJTJGYWlyLWZpbHRlciUyRiUyMiUzRUZpbHRyb3MlMjBkZSUyMGFpcmUlM0MlMkZhJTNFJTNDJTJGbGklM0UlMEElMjAlMjAlMjAlMjAlM0NsaSUyMGNsYXNzJTNEJTIydGFiLWNhdGVnb3JpZSUyMiUzRSUzQ2ElMjBocmVmJTNEJTIyJTJGQlIlMkZlcyUyRnBldHJvbC1maWx0ZXIlMkYlMjIlM0VHYXNvbGluYSUyMGZpbHRyb3MlM0MlMkZhJTNFJTNDJTJGbGklM0UlMEElMjAlMjAlMjAlMjAlM0NsaSUyMGNsYXNzJTNEJTIydGFiLWNhdGVnb3JpZSUyMiUzRSUzQ2ElMjBocmVmJTNEJTIyJTJGQlIlMkZlcyUyRmdwbC1jbmctZmlsdGVyJTJGJTIyJTNFRmlsdHJvcyUyMEdMUCUzQyUyRmElM0UlM0MlMkZsaSUzRSUwQSUyMCUyMCUyMCUyMCUzQ2xpJTIwY2xhc3MlM0QlMjJ0YWItY2F0ZWdvcmllJTIwdGFiLWFjdGl2ZSUyMiUzRUZpbHRyb3MlMjBoYWJpdCVDMyVBMWN1bG8lM0MlMkZsaSUzRSUwQSUzQyUyRnVsJTNF[\/vc_raw_html][\/vc_column][\/vc_row][vc_row gap=\u00bb20&#8243; equal_height=\u00bbyes\u00bb el_class=\u00bbcontent-tab-categorie tab1&#8243;][vc_column width=\u00bb1\/3&#8243;][vc_single_image image=\u00bb691&#8243;][\/vc_column][vc_column width=\u00bb2\/3&#8243; css=\u00bb.vc_custom_1585834811431{padding-right: 35px !important;padding-bottom: 35px !important;padding-left: 35px !important;background-color: #edeeef !important;}\u00bb]<h2 class=\"boc_heading  al_left  \"  style=\"color: #003ea0;\"><span>M\u00c1XIMA PROTECCI\u00d3N CONTRA LAS IMPUREZAS<\/span><\/h2>[vc_column_text]La\u00a0<strong>gama para habit\u00e1culo UFI Filters<\/strong>\u00a0garantiza una elevada\u00a0<strong>eficiencia de filtraci\u00f3n<\/strong>; protege contra el polvo, holl\u00edn, gases de combusti\u00f3n, bacterias, olores y p\u00f3lenes\u00a0<strong>para el bienestar, la salud y la seguridad\u00a0<\/strong>del conductor y de los pasajeros a bordo\u00a0<strong>evitando el peligroso \u00abefecto t\u00fanel\u00bb<\/strong>\u00a0en el interior del veh\u00edculo.<\/p>\n<p>El 60% de la gama UFI Filters est\u00e1 compuesta\u00a0<strong>por filtros anti-polen<\/strong>, fabricados con material sint\u00e9tico de tejido no tejido, capaz de retener m\u00e1s del 90% de las part\u00edculas con di\u00e1metro superior a 2,5 micras, como la suciedad y el polen. El 40% restante incluye los filtros fabricados con material filtrante de tejido no tejido combinado\u00a0<strong>con carb\u00f3n activo<\/strong>, que impiden el paso de part\u00edculas de 0,01 a 2 micras (gases, bacterias, hongos, olores) hacia el interior del habit\u00e1culo, garantizando un\u00a0<strong>excelente confort<\/strong>.[\/vc_column_text][\/vc_column][\/vc_row][\/vc_section]<\/p>\n<\/div>","protected":false},"excerpt":{"rendered":"<p>[vc_section el_class=\u00bbzbtabs\u00bb css=\u00bb.vc_custom_1585840141963{margin-bottom: 100px !important;}\u00bb][vc_row gap=\u00bb20&#8243; equal_height=\u00bbyes\u00bb el_class=\u00bbzbnavtab\u00bb css=\u00bb.vc_custom_1585838898754{border-radius: 3px !important;}\u00bb][vc_column css=\u00bb.vc_custom_1585835535203{padding-top: 0px !important;padding-right: 0px !important;padding-bottom: 0px !important;padding-left: 0px !important;}\u00bb][vc_raw_html]JTNDdWwlM0UlMEElMjAlMjAlMjAlMjAlM0NsaSUyMGNsYXNzJTNEJTIydGFiLWNhdGVnb3JpZSUyMiUzRSUzQ2ElMjBocmVmJTNEJTIyJTJGQlIlMkZlcyUyRm9pbC1maWx0ZXJzJTJGJTIyJTNFRmlsdHJvcyUyMGRlJTIwYWNlaXRlJTNDJTJGYSUzRSUzQyUyRmxpJTNFJTBBJTIwJTIwJTIwJTIwJTNDbGklMjBjbGFzcyUzRCUyMnRhYi1jYXRlZ29yaWUlMjIlM0UlM0NhJTIwaHJlZiUzRCUyMiUyRkJSJTJGZXMlMkZkaWVzZWwtZmlsdGVycyUyRiUyMiUzRUZpbHRyb3MlMjBkaSVDMyVBOXNlbCUzQyUyRmElM0UlM0MlMkZsaSUzRSUwQSUyMCUyMCUyMCUyMCUzQ2xpJTIwY2xhc3MlM0QlMjJ0YWItY2F0ZWdvcmllJTIyJTNFJTNDYSUyMGhyZWYlM0QlMjIlMkZCUiUyRmVzJTJGYWlyLWZpbHRlciUyRiUyMiUzRUZpbHRyb3MlMjBkZSUyMGFpcmUlM0MlMkZhJTNFJTNDJTJGbGklM0UlMEElMjAlMjAlMjAlMjAlM0NsaSUyMGNsYXNzJTNEJTIydGFiLWNhdGVnb3JpZSUyMiUzRSUzQ2ElMjBocmVmJTNEJTIyJTJGQlIlMkZlcyUyRnBldHJvbC1maWx0ZXIlMkYlMjIlM0VHYXNvbGluYSUyMGZpbHRyb3MlM0MlMkZhJTNFJTNDJTJGbGklM0UlMEElMjAlMjAlMjAlMjAlM0NsaSUyMGNsYXNzJTNEJTIydGFiLWNhdGVnb3JpZSUyMiUzRSUzQ2ElMjBocmVmJTNEJTIyJTJGQlIlMkZlcyUyRmdwbC1jbmctZmlsdGVyJTJGJTIyJTNFRmlsdHJvcyUyMEdMUCUzQyUyRmElM0UlM0MlMkZsaSUzRSUwQSUyMCUyMCUyMCUyMCUzQ2xpJTIwY2xhc3MlM0QlMjJ0YWItY2F0ZWdvcmllJTIwdGFiLWFjdGl2ZSUyMiUzRUZpbHRyb3MlMjBoYWJpdCVDMyVBMWN1bG8lM0MlMkZsaSUzRSUwQSUzQyUyRnVsJTNF[\/vc_raw_html][\/vc_column][\/vc_row][vc_row<\/p>\n<div class=\"h10\"><\/div>\n<p><a  class=\"more-link1\" href=\"https:\/\/br.ufi-aftermarket.com\/es\/cabin-air-filter\/\">Read more<\/a><\/p>\n","protected":false},"author":10,"featured_media":0,"parent":0,"menu_order":0,"comment_status":"closed","ping_status":"closed","template":"","meta":{"_acf_changed":false,"footnotes":""},"yst_prominent_words":[678,687,344,240,343,681,675,305,342,682,686,341,345,685,656,684,311,331,683,58],"class_list":["post-690","page","type-page","status-publish","hentry"],"acf":[],"_links":{"self":[{"href":"https:\/\/br.ufi-aftermarket.com\/es\/wp-json\/wp\/v2\/pages\/690","targetHints":{"allow":["GET"]}}],"collection":[{"href":"https:\/\/br.ufi-aftermarket.com\/es\/wp-json\/wp\/v2\/pages"}],"about":[{"href":"https:\/\/br.ufi-aftermarket.com\/es\/wp-json\/wp\/v2\/types\/page"}],"author":[{"embeddable":true,"href":"https:\/\/br.ufi-aftermarket.com\/es\/wp-json\/wp\/v2\/users\/10"}],"replies":[{"embeddable":true,"href":"https:\/\/br.ufi-aftermarket.com\/es\/wp-json\/wp\/v2\/comments?post=690"}],"version-history":[{"count":5,"href":"https:\/\/br.ufi-aftermarket.com\/es\/wp-json\/wp\/v2\/pages\/690\/revisions"}],"predecessor-version":[{"id":1605,"href":"https:\/\/br.ufi-aftermarket.com\/es\/wp-json\/wp\/v2\/pages\/690\/revisions\/1605"}],"wp:attachment":[{"href":"https:\/\/br.ufi-aftermarket.com\/es\/wp-json\/wp\/v2\/media?parent=690"}],"wp:term":[{"taxonomy":"yst_prominent_words","embeddable":true,"href":"https:\/\/br.ufi-aftermarket.com\/es\/wp-json\/wp\/v2\/yst_prominent_words?post=690"}],"curies":[{"name":"wp","href":"https:\/\/api.w.org\/{rel}","templated":true}]}}