{"id":688,"date":"2020-04-02T16:45:33","date_gmt":"2020-04-02T14:45:33","guid":{"rendered":"https:\/\/ufi-aftermarket.com\/BR\/gpl-cng-filter\/"},"modified":"2020-07-14T16:33:49","modified_gmt":"2020-07-14T14:33:49","slug":"gpl-cng-filter","status":"publish","type":"page","link":"https:\/\/br.ufi-aftermarket.com\/es\/gpl-cng-filter\/","title":{"rendered":"Filtros GLP"},"content":{"rendered":"<div class=\"wpb-content-wrapper\"><p>[vc_section el_class=\u00bbzbtabs\u00bb css=\u00bb.vc_custom_1585840117383{margin-bottom: 100px !important;}\u00bb][vc_row el_class=\u00bbzbnavtab\u00bb css=\u00bb.vc_custom_1585836409793{border-radius: 3px !important;}\u00bb][vc_column css=\u00bb.vc_custom_1585835535203{padding-top: 0px !important;padding-right: 0px !important;padding-bottom: 0px !important;padding-left: 0px !important;}\u00bb][vc_raw_html]JTNDdWwlM0UlMEElMjAlMjAlMjAlMjAlM0NsaSUyMGNsYXNzJTNEJTIydGFiLWNhdGVnb3JpZSUyMiUzRSUzQ2ElMjBocmVmJTNEJTIyJTJGQlIlMkZlcyUyRm9pbC1maWx0ZXJzJTJGJTIyJTNFRmlsdHJvcyUyMGRlJTIwYWNlaXRlJTNDJTJGYSUzRSUzQyUyRmxpJTNFJTBBJTIwJTIwJTIwJTIwJTNDbGklMjBjbGFzcyUzRCUyMnRhYi1jYXRlZ29yaWUlMjIlM0UlM0NhJTIwaHJlZiUzRCUyMiUyRkJSJTJGZXMlMkZkaWVzZWwtZmlsdGVycyUyRiUyMiUzRUZpbHRyb3MlMjBkaSVDMyVBOXNlbCUzQyUyRmElM0UlM0MlMkZsaSUzRSUwQSUyMCUyMCUyMCUyMCUzQ2xpJTIwY2xhc3MlM0QlMjJ0YWItY2F0ZWdvcmllJTIyJTNFJTNDYSUyMGhyZWYlM0QlMjIlMkZCUiUyRmVzJTJGYWlyLWZpbHRlciUyRiUyMiUzRUZpbHRyb3MlMjBkZSUyMGFpcmUlM0MlMkZhJTNFJTNDJTJGbGklM0UlMEElMjAlMjAlMjAlMjAlM0NsaSUyMGNsYXNzJTNEJTIydGFiLWNhdGVnb3JpZSUyMiUzRSUzQ2ElMjBocmVmJTNEJTIyJTJGQlIlMkZlcyUyRnBldHJvbC1maWx0ZXIlMkYlMjIlM0VHYXNvbGluYSUyMGZpbHRyb3MlM0MlMkZhJTNFJTNDJTJGbGklM0UlMEElMjAlMjAlMjAlMjAlM0NsaSUyMGNsYXNzJTNEJTIydGFiLWNhdGVnb3JpZSUyMHRhYi1hY3RpdmUlMjIlM0VGaWx0cm9zJTIwR0xQJTNDJTJGbGklM0UlMEElMjAlMjAlMjAlMjAlM0NsaSUyMGNsYXNzJTNEJTIydGFiLWNhdGVnb3JpZSUyMiUzRSUzQ2ElMjBocmVmJTNEJTIyJTJGQlIlMkZlcyUyRmNhYmluLWFpci1maWx0ZXIlMkYlMjIlM0VGaWx0cm9zJTIwaGFiaXQlQzMlQTFjdWxvJTNDJTJGYSUzRSUzQyUyRmxpJTNFJTBBJTNDJTJGdWwlM0U=[\/vc_raw_html][\/vc_column][\/vc_row][vc_row gap=\u00bb20&#8243; equal_height=\u00bbyes\u00bb el_class=\u00bbcontent-tab-categorie tab1&#8243;][vc_column width=\u00bb1\/3&#8243;][vc_single_image image=\u00bb689&#8243;][\/vc_column][vc_column width=\u00bb2\/3&#8243; css=\u00bb.vc_custom_1585834811431{padding-right: 35px !important;padding-bottom: 35px !important;padding-left: 35px !important;background-color: #edeeef !important;}\u00bb]<h2 class=\"boc_heading  al_left  \"  style=\"color: #003ea0;\"><span>SOLUCIONES PARA COMBUSTIBILE ECOL\u00d3GICOS<\/span><\/h2>[vc_column_text]UFI ofrece al Aftermarket una\u00a0<strong>gama<\/strong>\u00a0de filtros\u00a0<strong>GLP<\/strong>\u00a0y\u00a0<strong>Metano<\/strong>\u00a0(GNC).<\/p>\n<p>Los combustibles ecol\u00f3gicos empleados en los veh\u00edculos garantizan:<\/p>\n<ul>\n<li>movilidad, ning\u00fan l\u00edmite de circulaci\u00f3n<\/li>\n<li>alternativa econ\u00f3mica y ecol\u00f3gica con respecto a los combustibles tradicionales<\/li>\n<li>respeto del medio ambiente<\/li>\n<\/ul>\n<p>La media filtrante de fibra de pl\u00e1stico, espec\u00edfico para este tipo de combustible, filtra hasta las part\u00edculas m\u00e1s peque\u00f1as (2 micras), con una eficiencia superior al 98%.<\/p>\n<p>Los filtros UFI est\u00e1n\u00a0<strong>homologados seg\u00fan el reglamento europeo ECE\/ONU R67\/01 Clase 2.<\/strong>[\/vc_column_text][\/vc_column][\/vc_row][\/vc_section]<\/p>\n<\/div>","protected":false},"excerpt":{"rendered":"<p>[vc_section el_class=\u00bbzbtabs\u00bb css=\u00bb.vc_custom_1585840117383{margin-bottom: 100px !important;}\u00bb][vc_row el_class=\u00bbzbnavtab\u00bb css=\u00bb.vc_custom_1585836409793{border-radius: 3px !important;}\u00bb][vc_column css=\u00bb.vc_custom_1585835535203{padding-top: 0px !important;padding-right: 0px !important;padding-bottom: 0px !important;padding-left: 0px !important;}\u00bb][vc_raw_html]JTNDdWwlM0UlMEElMjAlMjAlMjAlMjAlM0NsaSUyMGNsYXNzJTNEJTIydGFiLWNhdGVnb3JpZSUyMiUzRSUzQ2ElMjBocmVmJTNEJTIyJTJGQlIlMkZlcyUyRm9pbC1maWx0ZXJzJTJGJTIyJTNFRmlsdHJvcyUyMGRlJTIwYWNlaXRlJTNDJTJGYSUzRSUzQyUyRmxpJTNFJTBBJTIwJTIwJTIwJTIwJTNDbGklMjBjbGFzcyUzRCUyMnRhYi1jYXRlZ29yaWUlMjIlM0UlM0NhJTIwaHJlZiUzRCUyMiUyRkJSJTJGZXMlMkZkaWVzZWwtZmlsdGVycyUyRiUyMiUzRUZpbHRyb3MlMjBkaSVDMyVBOXNlbCUzQyUyRmElM0UlM0MlMkZsaSUzRSUwQSUyMCUyMCUyMCUyMCUzQ2xpJTIwY2xhc3MlM0QlMjJ0YWItY2F0ZWdvcmllJTIyJTNFJTNDYSUyMGhyZWYlM0QlMjIlMkZCUiUyRmVzJTJGYWlyLWZpbHRlciUyRiUyMiUzRUZpbHRyb3MlMjBkZSUyMGFpcmUlM0MlMkZhJTNFJTNDJTJGbGklM0UlMEElMjAlMjAlMjAlMjAlM0NsaSUyMGNsYXNzJTNEJTIydGFiLWNhdGVnb3JpZSUyMiUzRSUzQ2ElMjBocmVmJTNEJTIyJTJGQlIlMkZlcyUyRnBldHJvbC1maWx0ZXIlMkYlMjIlM0VHYXNvbGluYSUyMGZpbHRyb3MlM0MlMkZhJTNFJTNDJTJGbGklM0UlMEElMjAlMjAlMjAlMjAlM0NsaSUyMGNsYXNzJTNEJTIydGFiLWNhdGVnb3JpZSUyMHRhYi1hY3RpdmUlMjIlM0VGaWx0cm9zJTIwR0xQJTNDJTJGbGklM0UlMEElMjAlMjAlMjAlMjAlM0NsaSUyMGNsYXNzJTNEJTIydGFiLWNhdGVnb3JpZSUyMiUzRSUzQ2ElMjBocmVmJTNEJTIyJTJGQlIlMkZlcyUyRmNhYmluLWFpci1maWx0ZXIlMkYlMjIlM0VGaWx0cm9zJTIwaGFiaXQlQzMlQTFjdWxvJTNDJTJGYSUzRSUzQyUyRmxpJTNFJTBBJTNDJTJGdWwlM0U=[\/vc_raw_html][\/vc_column][\/vc_row][vc_row gap=\u00bb20&#8243; equal_height=\u00bbyes\u00bb<\/p>\n<div class=\"h10\"><\/div>\n<p><a  class=\"more-link1\" href=\"https:\/\/br.ufi-aftermarket.com\/es\/gpl-cng-filter\/\">Read more<\/a><\/p>\n","protected":false},"author":10,"featured_media":0,"parent":0,"menu_order":0,"comment_status":"closed","ping_status":"closed","template":"","meta":{"_acf_changed":false,"footnotes":""},"yst_prominent_words":[679,338,678,240,339,337,304,336,306,61,680],"class_list":["post-688","page","type-page","status-publish","hentry"],"acf":[],"_links":{"self":[{"href":"https:\/\/br.ufi-aftermarket.com\/es\/wp-json\/wp\/v2\/pages\/688","targetHints":{"allow":["GET"]}}],"collection":[{"href":"https:\/\/br.ufi-aftermarket.com\/es\/wp-json\/wp\/v2\/pages"}],"about":[{"href":"https:\/\/br.ufi-aftermarket.com\/es\/wp-json\/wp\/v2\/types\/page"}],"author":[{"embeddable":true,"href":"https:\/\/br.ufi-aftermarket.com\/es\/wp-json\/wp\/v2\/users\/10"}],"replies":[{"embeddable":true,"href":"https:\/\/br.ufi-aftermarket.com\/es\/wp-json\/wp\/v2\/comments?post=688"}],"version-history":[{"count":5,"href":"https:\/\/br.ufi-aftermarket.com\/es\/wp-json\/wp\/v2\/pages\/688\/revisions"}],"predecessor-version":[{"id":1609,"href":"https:\/\/br.ufi-aftermarket.com\/es\/wp-json\/wp\/v2\/pages\/688\/revisions\/1609"}],"wp:attachment":[{"href":"https:\/\/br.ufi-aftermarket.com\/es\/wp-json\/wp\/v2\/media?parent=688"}],"wp:term":[{"taxonomy":"yst_prominent_words","embeddable":true,"href":"https:\/\/br.ufi-aftermarket.com\/es\/wp-json\/wp\/v2\/yst_prominent_words?post=688"}],"curies":[{"name":"wp","href":"https:\/\/api.w.org\/{rel}","templated":true}]}}