{"id":684,"date":"2020-04-02T16:41:34","date_gmt":"2020-04-02T14:41:34","guid":{"rendered":"https:\/\/ufi-aftermarket.com\/BR\/air-filter\/"},"modified":"2020-07-14T16:32:33","modified_gmt":"2020-07-14T14:32:33","slug":"air-filter","status":"publish","type":"page","link":"https:\/\/br.ufi-aftermarket.com\/es\/air-filter\/","title":{"rendered":"Filtros de Aire"},"content":{"rendered":"<div class=\"wpb-content-wrapper\"><p>[vc_section el_class=\u00bbzbtabs\u00bb css=\u00bb.vc_custom_1585840050629{margin-bottom: 100px !important;}\u00bb][vc_row el_class=\u00bbzbnavtab\u00bb css=\u00bb.vc_custom_1585836409793{border-radius: 3px !important;}\u00bb][vc_column css=\u00bb.vc_custom_1585835535203{padding-top: 0px !important;padding-right: 0px !important;padding-bottom: 0px !important;padding-left: 0px !important;}\u00bb][vc_raw_html]JTNDdWwlM0UlMEElMjAlMjAlMjAlMjAlM0NsaSUyMGNsYXNzJTNEJTIydGFiLWNhdGVnb3JpZSUyMiUzRSUzQ2ElMjBocmVmJTNEJTIyJTJGQlIlMkZlcyUyRm9pbC1maWx0ZXJzJTJGJTIyJTNFRmlsdHJvcyUyMGRlJTIwYWNlaXRlJTNDJTJGYSUzRSUzQyUyRmxpJTNFJTBBJTIwJTIwJTIwJTIwJTNDbGklMjBjbGFzcyUzRCUyMnRhYi1jYXRlZ29yaWUlMjIlM0UlM0NhJTIwaHJlZiUzRCUyMiUyRkJSJTJGZXMlMkZkaWVzZWwtZmlsdGVycyUyRiUyMiUzRUZpbHRyb3MlMjBkaSVDMyVBOXNlbCUzQyUyRmElM0UlM0MlMkZsaSUzRSUwQSUyMCUyMCUyMCUyMCUzQ2xpJTIwY2xhc3MlM0QlMjJ0YWItY2F0ZWdvcmllJTIwdGFiLWFjdGl2ZSUyMiUzRUZpbHRyb3MlMjBkZSUyMGFpcmUlM0MlMkZsaSUzRSUwQSUyMCUyMCUyMCUyMCUzQ2xpJTIwY2xhc3MlM0QlMjJ0YWItY2F0ZWdvcmllJTIyJTNFJTNDYSUyMGhyZWYlM0QlMjIlMkZCUiUyRmVzJTJGcGV0cm9sLWZpbHRlciUyRiUyMiUzRUdhc29saW5hJTIwZmlsdHJvcyUzQyUyRmElM0UlM0MlMkZsaSUzRSUwQSUyMCUyMCUyMCUyMCUzQ2xpJTIwY2xhc3MlM0QlMjJ0YWItY2F0ZWdvcmllJTIyJTNFJTNDYSUyMGhyZWYlM0QlMjIlMkZCUiUyRmVzJTJGZ3BsLWNuZy1maWx0ZXIlMkYlMjIlM0VGaWx0cm9zJTIwR0xQJTNDJTJGYSUzRSUzQyUyRmxpJTNFJTBBJTIwJTIwJTIwJTIwJTNDbGklMjBjbGFzcyUzRCUyMnRhYi1jYXRlZ29yaWUlMjIlM0UlM0NhJTIwaHJlZiUzRCUyMiUyRkJSJTJGZXMlMkZjYWJpbi1haXItZmlsdGVyJTJGJTIyJTNFRmlsdHJvcyUyMGhhYml0JUMzJUExY3VsbyUzQyUyRmElM0UlM0MlMkZsaSUzRSUwQSUzQyUyRnVsJTNF[\/vc_raw_html][\/vc_column][\/vc_row][vc_row gap=\u00bb20&#8243; equal_height=\u00bbyes\u00bb el_class=\u00bbcontent-tab-categorie tab1&#8243;][vc_column width=\u00bb1\/3&#8243;][vc_single_image image=\u00bb685&#8243;][\/vc_column][vc_column width=\u00bb2\/3&#8243; css=\u00bb.vc_custom_1585834811431{padding-right: 35px !important;padding-bottom: 35px !important;padding-left: 35px !important;background-color: #edeeef !important;}\u00bb]<h2 class=\"boc_heading  al_left  \"  style=\"color: #003ea0;\"><span>LA MEJOR PROTECCI\u00d3N PARA EL MOTOR<\/span><\/h2>[vc_column_text]Los\u00a0<strong>filtros de aire UFI\u00a0<\/strong>garantizan la m\u00e1xima eficacia de filtraci\u00f3n, est\u00e1n integrados en el motor y reducen el ruido del motor. Estas son algunas de las ventajas que ofrecen nuestros recambios. El filtro de aire es fundamental porque purifica el aire que llega a la c\u00e1mara de combusti\u00f3n. UFI fue el primer fabricante en utilizar el filtro de aire de panel en los a\u00f1os 80, introduciendo una innovaci\u00f3n tecnol\u00f3gica que, luego, se extendi\u00f3 a todo el mercado. De celulosa, combinados con resinas o con pre-filtros de tejido no tejido, las medias de filtraci\u00f3n UFI\u00a0<strong>evitan la alteraci\u00f3n del flujo de combustible en la carburaci\u00f3n\u00a0<\/strong>y la consiguiente p\u00e9rdida de potencia, aumento del consumo y emisiones contaminantes a la atm\u00f3sfera.[\/vc_column_text][\/vc_column][\/vc_row][\/vc_section]<\/p>\n<\/div>","protected":false},"excerpt":{"rendered":"<p>[vc_section el_class=\u00bbzbtabs\u00bb css=\u00bb.vc_custom_1585840050629{margin-bottom: 100px !important;}\u00bb][vc_row el_class=\u00bbzbnavtab\u00bb css=\u00bb.vc_custom_1585836409793{border-radius: 3px !important;}\u00bb][vc_column css=\u00bb.vc_custom_1585835535203{padding-top: 0px !important;padding-right: 0px !important;padding-bottom: 0px !important;padding-left: 0px !important;}\u00bb][vc_raw_html]JTNDdWwlM0UlMEElMjAlMjAlMjAlMjAlM0NsaSUyMGNsYXNzJTNEJTIydGFiLWNhdGVnb3JpZSUyMiUzRSUzQ2ElMjBocmVmJTNEJTIyJTJGQlIlMkZlcyUyRm9pbC1maWx0ZXJzJTJGJTIyJTNFRmlsdHJvcyUyMGRlJTIwYWNlaXRlJTNDJTJGYSUzRSUzQyUyRmxpJTNFJTBBJTIwJTIwJTIwJTIwJTNDbGklMjBjbGFzcyUzRCUyMnRhYi1jYXRlZ29yaWUlMjIlM0UlM0NhJTIwaHJlZiUzRCUyMiUyRkJSJTJGZXMlMkZkaWVzZWwtZmlsdGVycyUyRiUyMiUzRUZpbHRyb3MlMjBkaSVDMyVBOXNlbCUzQyUyRmElM0UlM0MlMkZsaSUzRSUwQSUyMCUyMCUyMCUyMCUzQ2xpJTIwY2xhc3MlM0QlMjJ0YWItY2F0ZWdvcmllJTIwdGFiLWFjdGl2ZSUyMiUzRUZpbHRyb3MlMjBkZSUyMGFpcmUlM0MlMkZsaSUzRSUwQSUyMCUyMCUyMCUyMCUzQ2xpJTIwY2xhc3MlM0QlMjJ0YWItY2F0ZWdvcmllJTIyJTNFJTNDYSUyMGhyZWYlM0QlMjIlMkZCUiUyRmVzJTJGcGV0cm9sLWZpbHRlciUyRiUyMiUzRUdhc29saW5hJTIwZmlsdHJvcyUzQyUyRmElM0UlM0MlMkZsaSUzRSUwQSUyMCUyMCUyMCUyMCUzQ2xpJTIwY2xhc3MlM0QlMjJ0YWItY2F0ZWdvcmllJTIyJTNFJTNDYSUyMGhyZWYlM0QlMjIlMkZCUiUyRmVzJTJGZ3BsLWNuZy1maWx0ZXIlMkYlMjIlM0VGaWx0cm9zJTIwR0xQJTNDJTJGYSUzRSUzQyUyRmxpJTNFJTBBJTIwJTIwJTIwJTIwJTNDbGklMjBjbGFzcyUzRCUyMnRhYi1jYXRlZ29yaWUlMjIlM0UlM0NhJTIwaHJlZiUzRCUyMiUyRkJSJTJGZXMlMkZjYWJpbi1haXItZmlsdGVyJTJGJTIyJTNFRmlsdHJvcyUyMGhhYml0JUMzJUExY3VsbyUzQyUyRmElM0UlM0MlMkZsaSUzRSUwQSUzQyUyRnVsJTNF[\/vc_raw_html][\/vc_column][\/vc_row][vc_row gap=\u00bb20&#8243; equal_height=\u00bbyes\u00bb<\/p>\n<div class=\"h10\"><\/div>\n<p><a  class=\"more-link1\" href=\"https:\/\/br.ufi-aftermarket.com\/es\/air-filter\/\">Read more<\/a><\/p>\n","protected":false},"author":10,"featured_media":0,"parent":0,"menu_order":0,"comment_status":"closed","ping_status":"closed","template":"","meta":{"_acf_changed":false,"footnotes":""},"yst_prominent_words":[330,240,325,327,675,305,328,323,322,326,272,312,329,324,656,311,304,183,316,61],"class_list":["post-684","page","type-page","status-publish","hentry"],"acf":[],"_links":{"self":[{"href":"https:\/\/br.ufi-aftermarket.com\/es\/wp-json\/wp\/v2\/pages\/684","targetHints":{"allow":["GET"]}}],"collection":[{"href":"https:\/\/br.ufi-aftermarket.com\/es\/wp-json\/wp\/v2\/pages"}],"about":[{"href":"https:\/\/br.ufi-aftermarket.com\/es\/wp-json\/wp\/v2\/types\/page"}],"author":[{"embeddable":true,"href":"https:\/\/br.ufi-aftermarket.com\/es\/wp-json\/wp\/v2\/users\/10"}],"replies":[{"embeddable":true,"href":"https:\/\/br.ufi-aftermarket.com\/es\/wp-json\/wp\/v2\/comments?post=684"}],"version-history":[{"count":5,"href":"https:\/\/br.ufi-aftermarket.com\/es\/wp-json\/wp\/v2\/pages\/684\/revisions"}],"predecessor-version":[{"id":1603,"href":"https:\/\/br.ufi-aftermarket.com\/es\/wp-json\/wp\/v2\/pages\/684\/revisions\/1603"}],"wp:attachment":[{"href":"https:\/\/br.ufi-aftermarket.com\/es\/wp-json\/wp\/v2\/media?parent=684"}],"wp:term":[{"taxonomy":"yst_prominent_words","embeddable":true,"href":"https:\/\/br.ufi-aftermarket.com\/es\/wp-json\/wp\/v2\/yst_prominent_words?post=684"}],"curies":[{"name":"wp","href":"https:\/\/api.w.org\/{rel}","templated":true}]}}