{"id":643,"date":"2020-04-02T16:14:37","date_gmt":"2020-04-02T14:14:37","guid":{"rendered":"https:\/\/ufi-aftermarket.com\/BR\/oil-filters\/"},"modified":"2020-07-14T16:34:12","modified_gmt":"2020-07-14T14:34:12","slug":"oil-filters","status":"publish","type":"page","link":"https:\/\/br.ufi-aftermarket.com\/es\/oil-filters\/","title":{"rendered":"Filtros de Aceite"},"content":{"rendered":"<div class=\"wpb-content-wrapper\"><p>[vc_section el_class=\u00bbzbtabs\u00bb css=\u00bb.vc_custom_1585840128593{margin-bottom: 100px !important;}\u00bb][vc_row el_class=\u00bbzbnavtab\u00bb css=\u00bb.vc_custom_1585836409793{border-radius: 3px !important;}\u00bb][vc_column css=\u00bb.vc_custom_1585835535203{padding-top: 0px !important;padding-right: 0px !important;padding-bottom: 0px !important;padding-left: 0px !important;}\u00bb][vc_raw_html]JTNDdWwlM0UlMEElMjAlMjAlMjAlMjAlM0NsaSUyMGNsYXNzJTNEJTIydGFiLWNhdGVnb3JpZSUyMHRhYi1hY3RpdmUlMjIlM0VGaWx0cm9zJTIwZGUlMjBhY2VpdGUlM0MlMkZsaSUzRSUwQSUyMCUyMCUyMCUyMCUzQ2xpJTIwY2xhc3MlM0QlMjJ0YWItY2F0ZWdvcmllJTIyJTNFJTNDYSUyMGhyZWYlM0QlMjIlMkZCUiUyRmVzJTJGZGllc2VsLWZpbHRlcnMlMkYlMjIlM0VGaWx0cm9zJTIwZGklQzMlQTlzZWwlM0MlMkZhJTNFJTNDJTJGbGklM0UlMEElMjAlMjAlMjAlMjAlM0NsaSUyMGNsYXNzJTNEJTIydGFiLWNhdGVnb3JpZSUyMiUzRSUzQ2ElMjBocmVmJTNEJTIyJTJGQlIlMkZlcyUyRmFpci1maWx0ZXIlMkYlMjIlM0VGaWx0cm9zJTIwZGUlMjBhaXJlJTNDJTJGYSUzRSUzQyUyRmxpJTNFJTBBJTIwJTIwJTIwJTIwJTNDbGklMjBjbGFzcyUzRCUyMnRhYi1jYXRlZ29yaWUlMjIlM0UlM0NhJTIwaHJlZiUzRCUyMiUyRkJSJTJGZXMlMkZwZXRyb2wtZmlsdGVyJTJGJTIyJTNFR2Fzb2xpbmElMjBmaWx0cm9zJTNDJTJGYSUzRSUzQyUyRmxpJTNFJTBBJTIwJTIwJTIwJTIwJTNDbGklMjBjbGFzcyUzRCUyMnRhYi1jYXRlZ29yaWUlMjIlM0UlM0NhJTIwaHJlZiUzRCUyMiUyRkJSJTJGZXMlMkZncGwtY25nLWZpbHRlciUyRiUyMiUzRUZpbHRyb3MlMjBHTFAlM0MlMkZhJTNFJTNDJTJGbGklM0UlMEElMjAlMjAlMjAlMjAlM0NsaSUyMGNsYXNzJTNEJTIydGFiLWNhdGVnb3JpZSUyMiUzRSUzQ2ElMjBocmVmJTNEJTIyJTJGQlIlMkZlcyUyRmNhYmluLWFpci1maWx0ZXIlMkYlMjIlM0VGaWx0cm9zJTIwaGFiaXQlQzMlQTFjdWxvJTNDJTJGYSUzRSUzQyUyRmxpJTNFJTBBJTNDJTJGdWwlM0U=[\/vc_raw_html][\/vc_column][\/vc_row][vc_row gap=\u00bb20&#8243; equal_height=\u00bbyes\u00bb el_class=\u00bbcontent-tab-categorie tab1&#8243;][vc_column width=\u00bb1\/3&#8243;][vc_single_image image=\u00bb644&#8243;][\/vc_column][vc_column width=\u00bb2\/3&#8243; css=\u00bb.vc_custom_1585834811431{padding-right: 35px !important;padding-bottom: 35px !important;padding-left: 35px !important;background-color: #edeeef !important;}\u00bb]<h2 class=\"boc_heading  al_left  \"  style=\"color: #003ea0;\"><span>LOS SISTEMAS DE FILTRACI\u00d3N M\u00c1S INNOVADORES<\/span><\/h2>[vc_column_text]<strong>UFI Filters<\/strong>\u00a0ha desarrollado\u00a0<strong>nuevas soluciones para la filtraci\u00f3n del aceite<\/strong>, compuestas por\u00a0<strong>fibras sint\u00e9ticas o celulosa y resina<\/strong>, capaces de hacer frente a los nuevos problemas causados por:<\/p>\n<ul>\n<li>nuevos aceites de \u00ablarga duraci\u00f3n\u00bb<\/li>\n<li>nuevos aditivos para aumentar la lubricidad del aceite<\/li>\n<li>presencia de holl\u00edn y biodiesel en el aceite<\/li>\n<li>aceites minerales y no minerales y su degradaci\u00f3n y contaminaci\u00f3n<\/li>\n<\/ul>\n<p>Los filtros de aceite disponibles en el\u00a0<strong>cat\u00e1logo Aftermarket UFI ofrecen la misma calidad que el producto desarrollado para el Equipo Original\u00a0<\/strong>y gracias al\u00a0<strong>tama\u00f1o adecuado de los cartuchos,<\/strong>\u00a0garantizan el m\u00e1ximo nivel de eficiencia filtrante y evitan la obstrucci\u00f3n (clogging) del filtro. El cumplimiento de los objetivos fijados por las normas (Euro 6) se consigue a trav\u00e9s del dise\u00f1o de m\u00f3dulos \u00abecol\u00f3gicos\u00bb,\u00a0<strong>para reducir el impacto medioambiental<\/strong>\u00a0y tambi\u00e9n gracias\u00a0<strong>a la integraci\u00f3n de varias funciones<\/strong>\u00a0dentro del m\u00f3dulo del aceite para reducir las dimensiones y el peso de los motores. Las prestaciones del motor se mantienen gracias a los altos \u00edndices de permeabilidad y compactibilidad t\u00e9rmica de los medios filtrantes, lo que garantiza\u00a0<strong>bajas p\u00e9rdidas de presi\u00f3n y potencia.<\/strong>[\/vc_column_text][\/vc_column][\/vc_row][\/vc_section]<\/p>\n<\/div>","protected":false},"excerpt":{"rendered":"<p>[vc_section el_class=\u00bbzbtabs\u00bb css=\u00bb.vc_custom_1585840128593{margin-bottom: 100px !important;}\u00bb][vc_row el_class=\u00bbzbnavtab\u00bb css=\u00bb.vc_custom_1585836409793{border-radius: 3px !important;}\u00bb][vc_column css=\u00bb.vc_custom_1585835535203{padding-top: 0px !important;padding-right: 0px !important;padding-bottom: 0px !important;padding-left: 0px !important;}\u00bb][vc_raw_html]JTNDdWwlM0UlMEElMjAlMjAlMjAlMjAlM0NsaSUyMGNsYXNzJTNEJTIydGFiLWNhdGVnb3JpZSUyMHRhYi1hY3RpdmUlMjIlM0VGaWx0cm9zJTIwZGUlMjBhY2VpdGUlM0MlMkZsaSUzRSUwQSUyMCUyMCUyMCUyMCUzQ2xpJTIwY2xhc3MlM0QlMjJ0YWItY2F0ZWdvcmllJTIyJTNFJTNDYSUyMGhyZWYlM0QlMjIlMkZCUiUyRmVzJTJGZGllc2VsLWZpbHRlcnMlMkYlMjIlM0VGaWx0cm9zJTIwZGklQzMlQTlzZWwlM0MlMkZhJTNFJTNDJTJGbGklM0UlMEElMjAlMjAlMjAlMjAlM0NsaSUyMGNsYXNzJTNEJTIydGFiLWNhdGVnb3JpZSUyMiUzRSUzQ2ElMjBocmVmJTNEJTIyJTJGQlIlMkZlcyUyRmFpci1maWx0ZXIlMkYlMjIlM0VGaWx0cm9zJTIwZGUlMjBhaXJlJTNDJTJGYSUzRSUzQyUyRmxpJTNFJTBBJTIwJTIwJTIwJTIwJTNDbGklMjBjbGFzcyUzRCUyMnRhYi1jYXRlZ29yaWUlMjIlM0UlM0NhJTIwaHJlZiUzRCUyMiUyRkJSJTJGZXMlMkZwZXRyb2wtZmlsdGVyJTJGJTIyJTNFR2Fzb2xpbmElMjBmaWx0cm9zJTNDJTJGYSUzRSUzQyUyRmxpJTNFJTBBJTIwJTIwJTIwJTIwJTNDbGklMjBjbGFzcyUzRCUyMnRhYi1jYXRlZ29yaWUlMjIlM0UlM0NhJTIwaHJlZiUzRCUyMiUyRkJSJTJGZXMlMkZncGwtY25nLWZpbHRlciUyRiUyMiUzRUZpbHRyb3MlMjBHTFAlM0MlMkZhJTNFJTNDJTJGbGklM0UlMEElMjAlMjAlMjAlMjAlM0NsaSUyMGNsYXNzJTNEJTIydGFiLWNhdGVnb3JpZSUyMiUzRSUzQ2ElMjBocmVmJTNEJTIyJTJGQlIlMkZlcyUyRmNhYmluLWFpci1maWx0ZXIlMkYlMjIlM0VGaWx0cm9zJTIwaGFiaXQlQzMlQTFjdWxvJTNDJTJGYSUzRSUzQyUyRmxpJTNFJTBBJTNDJTJGdWwlM0U=[\/vc_raw_html][\/vc_column][\/vc_row][vc_row gap=\u00bb20&#8243; equal_height=\u00bbyes\u00bb<\/p>\n<div class=\"h10\"><\/div>\n<p><a  class=\"more-link1\" href=\"https:\/\/br.ufi-aftermarket.com\/es\/oil-filters\/\">Read more<\/a><\/p>\n","protected":false},"author":10,"featured_media":0,"parent":0,"menu_order":0,"comment_status":"closed","ping_status":"closed","template":"","meta":{"_acf_changed":false,"footnotes":""},"yst_prominent_words":[307,314,240,300,675,674,313,305,301,312,310,656,311,304,302,309,306,303,308,61],"class_list":["post-643","page","type-page","status-publish","hentry"],"acf":[],"_links":{"self":[{"href":"https:\/\/br.ufi-aftermarket.com\/es\/wp-json\/wp\/v2\/pages\/643","targetHints":{"allow":["GET"]}}],"collection":[{"href":"https:\/\/br.ufi-aftermarket.com\/es\/wp-json\/wp\/v2\/pages"}],"about":[{"href":"https:\/\/br.ufi-aftermarket.com\/es\/wp-json\/wp\/v2\/types\/page"}],"author":[{"embeddable":true,"href":"https:\/\/br.ufi-aftermarket.com\/es\/wp-json\/wp\/v2\/users\/10"}],"replies":[{"embeddable":true,"href":"https:\/\/br.ufi-aftermarket.com\/es\/wp-json\/wp\/v2\/comments?post=643"}],"version-history":[{"count":5,"href":"https:\/\/br.ufi-aftermarket.com\/es\/wp-json\/wp\/v2\/pages\/643\/revisions"}],"predecessor-version":[{"id":1610,"href":"https:\/\/br.ufi-aftermarket.com\/es\/wp-json\/wp\/v2\/pages\/643\/revisions\/1610"}],"wp:attachment":[{"href":"https:\/\/br.ufi-aftermarket.com\/es\/wp-json\/wp\/v2\/media?parent=643"}],"wp:term":[{"taxonomy":"yst_prominent_words","embeddable":true,"href":"https:\/\/br.ufi-aftermarket.com\/es\/wp-json\/wp\/v2\/yst_prominent_words?post=643"}],"curies":[{"name":"wp","href":"https:\/\/api.w.org\/{rel}","templated":true}]}}